{"id":3013,"date":"2023-01-19T09:47:19","date_gmt":"2023-01-19T09:47:19","guid":{"rendered":"https:\/\/event.ml-eu.com\/?page_id=3013"},"modified":"2023-01-19T09:55:02","modified_gmt":"2023-01-19T09:55:02","slug":"mentions-legales","status":"publish","type":"page","link":"https:\/\/event.ml-eu.com\/index.php\/mentions-legales\/","title":{"rendered":"Mentions l\u00e9gales"},"content":{"rendered":"\n<p><strong class=\"privacy-policy-tutorial\">Nom de l&rsquo;association : <\/strong>Missing Link Sport &amp; Event<\/p>\n\n\n\n<p><strong class=\"privacy-policy-tutorial\">SIRET : <\/strong>919 708 701 00017<\/p>\n\n\n\n<p><strong class=\"privacy-policy-tutorial\">Si\u00e8ge Social : <\/strong>La Nevourie, 72550 Coulans-sur-G\u00e9e France<\/p>\n\n\n\n<p><strong class=\"privacy-policy-tutorial\">T\u00e9l\u00e9phone : <\/strong>+33 6 38 95 89 24<\/p>\n\n\n\n<p><strong class=\"privacy-policy-tutorial\">Directeur de la publication : <\/strong>Albane Rudd<\/p>\n\n\n\n<p class=\"has-ast-global-color-3-color has-text-color\"><strong class=\"privacy-policy-tutorial\">H\u00e9bergeur : <\/strong><\/p>\n\n\n\n<p>Le site Missing Link Sport &amp; Event est h\u00e9berg\u00e9 par HOSTINGER, dont le si\u00e8ge social est situ\u00e9 HOSTINGER INTERNATIONAL LTD, 61 Lordou Vironos Street, 6023 Larnaca, Chypre<\/p>\n\n\n\n<p>Contact : <a rel=\"noreferrer noopener\" href=\"https:\/\/www.hostinger.fr\/contact\" target=\"_blank\">https:\/\/www.hostinger.fr\/contact<\/a>.<\/p>\n","protected":false},"excerpt":{"rendered":"<p>Nom de l&rsquo;association : Missing Link Sport &amp; Event SIRET : 919 708 701 00017 Si\u00e8ge Social : La Nevourie, 72550 Coulans-sur-G\u00e9e France T\u00e9l\u00e9phone : +33 6 38 95 89 24 Directeur de la publication : Albane Rudd H\u00e9bergeur : Le site Missing Link Sport &amp; Event est h\u00e9berg\u00e9 par HOSTINGER, dont le si\u00e8ge social &hellip;<\/p>\n<p class=\"read-more\"> <a class=\"\" href=\"https:\/\/event.ml-eu.com\/index.php\/mentions-legales\/\"> <span class=\"screen-reader-text\">Mentions l\u00e9gales<\/span> Lire la suite\u00a0\u00bb<\/a><\/p>\n","protected":false},"author":3,"featured_media":0,"parent":0,"menu_order":0,"comment_status":"closed","ping_status":"closed","template":"","meta":{"_eb_attr":"","om_disable_all_campaigns":false,"_uag_custom_page_level_css":"","_monsterinsights_skip_tracking":false,"_monsterinsights_sitenote_active":false,"_monsterinsights_sitenote_note":"","_monsterinsights_sitenote_category":0,"site-sidebar-layout":"default","site-content-layout":"default","ast-global-header-display":"","ast-main-header-display":"","ast-hfb-above-header-display":"","ast-hfb-below-header-display":"","ast-hfb-mobile-header-display":"","site-post-title":"","ast-breadcrumbs-content":"","ast-featured-img":"","footer-sml-layout":"","theme-transparent-header-meta":"","adv-header-id-meta":"","stick-header-meta":"","header-above-stick-meta":"","header-main-stick-meta":"","header-below-stick-meta":""},"aioseo_notices":[],"uagb_featured_image_src":{"full":false,"thumbnail":false,"medium":false,"medium_large":false,"large":false,"1536x1536":false,"2048x2048":false},"uagb_author_info":{"display_name":"Albane Rudd","author_link":"https:\/\/event.ml-eu.com\/index.php\/author\/a-rudd\/"},"uagb_comment_info":0,"uagb_excerpt":"Nom de l&rsquo;association : Missing Link Sport &amp; Event SIRET : 919 708 701 00017 Si\u00e8ge Social : La Nevourie, 72550 Coulans-sur-G\u00e9e France T\u00e9l\u00e9phone : +33 6 38 95 89 24 Directeur de la publication : Albane Rudd H\u00e9bergeur : Le site Missing Link Sport &amp; Event est h\u00e9berg\u00e9 par HOSTINGER, dont le si\u00e8ge social\u2026","_links":{"self":[{"href":"https:\/\/event.ml-eu.com\/index.php\/wp-json\/wp\/v2\/pages\/3013"}],"collection":[{"href":"https:\/\/event.ml-eu.com\/index.php\/wp-json\/wp\/v2\/pages"}],"about":[{"href":"https:\/\/event.ml-eu.com\/index.php\/wp-json\/wp\/v2\/types\/page"}],"author":[{"embeddable":true,"href":"https:\/\/event.ml-eu.com\/index.php\/wp-json\/wp\/v2\/users\/3"}],"replies":[{"embeddable":true,"href":"https:\/\/event.ml-eu.com\/index.php\/wp-json\/wp\/v2\/comments?post=3013"}],"version-history":[{"count":2,"href":"https:\/\/event.ml-eu.com\/index.php\/wp-json\/wp\/v2\/pages\/3013\/revisions"}],"predecessor-version":[{"id":3017,"href":"https:\/\/event.ml-eu.com\/index.php\/wp-json\/wp\/v2\/pages\/3013\/revisions\/3017"}],"wp:attachment":[{"href":"https:\/\/event.ml-eu.com\/index.php\/wp-json\/wp\/v2\/media?parent=3013"}],"curies":[{"name":"wp","href":"https:\/\/api.w.org\/{rel}","templated":true}]}}