{"id":1847,"date":"2022-12-13T05:56:51","date_gmt":"2022-12-13T05:56:51","guid":{"rendered":"https:\/\/event.ml-eu.com\/index.php\/home\/"},"modified":"2025-04-01T11:24:15","modified_gmt":"2025-04-01T11:24:15","slug":"home","status":"publish","type":"page","link":"https:\/\/event.ml-eu.com\/","title":{"rendered":"Accueil"},"content":{"rendered":"\n<div class=\"wp-container-16 wp-block-columns\">\n<div class=\"wp-container-15 wp-block-column\" style=\"flex-basis:100%\">\n<div class=\"wp-container-14 wp-block-columns\">\n<div class=\"wp-container-13 wp-block-column\" style=\"flex-basis:100%\">\n<div class=\"wp-block-uagb-container uag-blocks-common-selector uagb-block-bff5c98a alignfull uagb-is-root-container\"><div class=\"uagb-container-inner-blocks-wrap\">\n<div class=\"wp-block-uagb-container uagb-block-e67b3632 alignfull uagb-is-root-container\">\n<div style=\"height:49px\" aria-hidden=\"true\" class=\"wp-block-spacer\"><\/div>\n\n\n\n<div class=\"wp-container-2 wp-block-columns has-ffffff-background-color has-background\">\n<div class=\"wp-container-1 wp-block-column\"><div class=\"n2_clear\"><ss3-force-full-width data-overflow-x=\"body\" data-horizontal-selector=\"body\"><div class=\"n2-section-smartslider fitvidsignore  n2_clear\" data-ssid=\"2\"><div id=\"n2-ss-2-align\" class=\"n2-ss-align\"><div class=\"n2-padding\"><div id=\"n2-ss-2\" data-creator=\"Smart Slider 3\" data-responsive=\"fullwidth\" class=\"n2-ss-slider n2-ow n2-has-hover n2notransition  \">\n        <div class=\"n2-ss-slider-1 n2-ow\">\n            <div class=\"n2-ss-slider-2 n2-ow\">\n                <div class=\"n2-ss-slide-backgrounds n2-ow-all\"><div class=\"n2-ss-slide-background\" data-public-id=\"1\" data-mode=\"fill\"><div class=\"n2-ss-slide-background-image\" data-blur=\"0\" data-opacity=\"100\" data-x=\"50\" data-y=\"0\" data-alt=\"\" data-title=\"\" style=\"--ss-o-pos-y:0%\"><picture class=\"skip-lazy\" data-skip-lazy=\"1\"><img src=\"\/\/event.ml-eu.com\/wp-content\/uploads\/2023\/06\/Capture-decran-2023-06-07-a-09.37.18.png\" alt=\"\" title=\"\" loading=\"lazy\" class=\"skip-lazy\" data-skip-lazy=\"1\"><\/picture><\/div><div data-color=\"RGBA(255,255,255,0)\" style=\"background-color: RGBA(255,255,255,0);\" class=\"n2-ss-slide-background-color\"><\/div><\/div><\/div>                <div class=\"n2-ss-slider-3 n2-ow\">\n                    <svg xmlns=\"http:\/\/www.w3.org\/2000\/svg\" viewBox=\"0 0 1200 600\" data-related-device=\"desktopPortrait\" class=\"n2-ow n2-ss-preserve-size n2-ss-preserve-size--slider n2-ss-slide-limiter\"><\/svg><div data-first=\"1\" data-slide-duration=\"0\" data-id=\"4\" data-slide-public-id=\"1\" data-title=\"Capture d\u2019\u00e9cran 2023-06-07 \u00e0 09.37.18\" class=\"n2-ss-slide n2-ow  n2-ss-slide-4\"><div role=\"note\" class=\"n2-ss-slide--focus\" tabindex=\"-1\">Capture d\u2019\u00e9cran 2023-06-07 \u00e0 09.37.18<\/div><div class=\"n2-ss-layers-container n2-ss-slide-limiter n2-ow\"><div class=\"n2-ss-layer n2-ow n-uc-dLt7uf6v7r7I\" data-sstype=\"slide\" data-pm=\"default\"><\/div><\/div><\/div>                <\/div>\n                            <\/div>\n        <\/div>\n        <\/div><ss3-loader><\/ss3-loader><\/div><\/div><div class=\"n2_clear\"><\/div><\/div><\/ss3-force-full-width><\/div><\/div>\n<\/div>\n\n\n\n<div style=\"height:17px\" aria-hidden=\"true\" class=\"wp-block-spacer\"><\/div>\n\n\n\n<div class=\"wp-container-3 is-content-justification-center wp-block-buttons\">\n<div class=\"wp-block-button has-custom-width wp-block-button__width-50 has-custom-font-size is-style-outline has-medium-font-size\"><a class=\"wp-block-button__link has-ast-global-color-7-color has-text-color has-background\" href=\"https:\/\/event.ml-eu.com\/index.php\/tournoi-2023\/\" style=\"border-radius:60px;background:linear-gradient(135deg,rgb(255,42,95) 0%,rgb(255,132,163) 100%)\">Infos tournoi 2023 <\/a><\/div>\n<\/div>\n\n\n\n<div style=\"height:15px\" aria-hidden=\"true\" class=\"wp-block-spacer\"><\/div>\n\n\n\n<div class=\"wp-block-essential-blocks-countdown\"><div class=\"eb-parent-wrapper eb-parent-eb-countdown-4appuxv eb_animation eb___animated eb___zoomIn\"><div class=\"eb-countdown-4appuxv eb-cd-wrapper\"><div class=\"eb-cd-inner\" blockid=\"eb-countdown-4appuxv\" data-deadline-time=\"1693378860000\" data-is-evergreen-time=\"false\" data-evergreen-time-hours=\"11\" data-evergreen-time-minutes=\"59\" data-evergreen-recurring=\"false\" data-evergreen-restart-time=\"0\" data-evergreen-deadline-time=\"1673604070170\"><div class=\"box cd-box-day\"><span class=\"eb-cd-digit\">00<\/span><span class=\"eb-cd-label\">Jours<\/span><\/div><\/div><\/div><\/div><\/div>\n\n\n\n<div style=\"height:0px\" aria-hidden=\"true\" class=\"wp-block-spacer\"><\/div>\n\n\n\n<div class=\"wp-container-5 wp-block-columns\">\n<div class=\"wp-container-4 wp-block-column\">\n<div class=\"wp-block-essential-blocks-button\"><div class=\"eb-parent-wrapper eb-parent-eb-button-h5tw85e \"><div class=\"eb-button-wrapper eb-button-alignment eb-button-h5tw85e\"><div class=\"eb-button\"><a class=\"eb-button-anchor\" href=\"https:\/\/www.helloasso.com\/associations\/missing-link-sport\" rel=\"noopener\">Soutenir l&rsquo;association : parrainage, dons, sponsoring, partenariat&#8230;Cliquez ici <\/a><\/div><\/div><\/div><\/div>\n<\/div>\n<\/div>\n\n\n\n<hr class=\"wp-block-separator aligncenter has-text-color has-ffffff-color has-alpha-channel-opacity has-ffffff-background-color has-background is-style-wide\"\/>\n\n\n\n<div class=\"wp-block-uagb-advanced-heading uagb-block-10e22089\"><h2 class=\"uagb-heading-text\">D\u00e9couvrez les portraits de tous nos incroyables athl\u00e8tes 2022<\/h2><\/div>\n\n\n\n<div class=\"wp-container-9 wp-block-columns has-ffffff-background-color has-background\">\n<div class=\"wp-container-6 wp-block-column\">\n<figure class=\"wp-block-image size-large\"><a href=\"https:\/\/event.ml-eu.com\/index.php\/nos-athletes\/\"><img loading=\"lazy\" width=\"1024\" height=\"1024\" src=\"https:\/\/event.ml-eu.com\/wp-content\/uploads\/2023\/01\/oscar-2-1024x1024.jpg\" alt=\"\" class=\"wp-image-2785\" srcset=\"https:\/\/event.ml-eu.com\/wp-content\/uploads\/2023\/01\/oscar-2-1024x1024.jpg 1024w, https:\/\/event.ml-eu.com\/wp-content\/uploads\/2023\/01\/oscar-2-300x300.jpg 300w, https:\/\/event.ml-eu.com\/wp-content\/uploads\/2023\/01\/oscar-2-150x150.jpg 150w, https:\/\/event.ml-eu.com\/wp-content\/uploads\/2023\/01\/oscar-2-768x768.jpg 768w, https:\/\/event.ml-eu.com\/wp-content\/uploads\/2023\/01\/oscar-2.jpg 1080w\" sizes=\"(max-width: 1024px) 100vw, 1024px\" \/><\/a><\/figure>\n<\/div>\n\n\n\n<div class=\"wp-container-7 wp-block-column\">\n<figure class=\"wp-block-image size-large\"><a href=\"https:\/\/event.ml-eu.com\/index.php\/nos-athletes\/\"><img loading=\"lazy\" width=\"1024\" height=\"1024\" src=\"https:\/\/event.ml-eu.com\/wp-content\/uploads\/2023\/01\/portait-1024x1024.jpg\" alt=\"\" class=\"wp-image-2781\" srcset=\"https:\/\/event.ml-eu.com\/wp-content\/uploads\/2023\/01\/portait-1024x1024.jpg 1024w, https:\/\/event.ml-eu.com\/wp-content\/uploads\/2023\/01\/portait-300x300.jpg 300w, https:\/\/event.ml-eu.com\/wp-content\/uploads\/2023\/01\/portait-150x150.jpg 150w, https:\/\/event.ml-eu.com\/wp-content\/uploads\/2023\/01\/portait-768x768.jpg 768w, https:\/\/event.ml-eu.com\/wp-content\/uploads\/2023\/01\/portait.jpg 1080w\" sizes=\"(max-width: 1024px) 100vw, 1024px\" \/><\/a><\/figure>\n<\/div>\n\n\n\n<div class=\"wp-container-8 wp-block-column\">\n<figure class=\"wp-block-image size-large\"><a href=\"https:\/\/event.ml-eu.com\/index.php\/nos-athletes\/\"><img loading=\"lazy\" width=\"1024\" height=\"1024\" src=\"https:\/\/event.ml-eu.com\/wp-content\/uploads\/2023\/01\/robin-1024x1024.jpg\" alt=\"\" class=\"wp-image-2783\" srcset=\"https:\/\/event.ml-eu.com\/wp-content\/uploads\/2023\/01\/robin-1024x1024.jpg 1024w, https:\/\/event.ml-eu.com\/wp-content\/uploads\/2023\/01\/robin-300x300.jpg 300w, https:\/\/event.ml-eu.com\/wp-content\/uploads\/2023\/01\/robin-150x150.jpg 150w, https:\/\/event.ml-eu.com\/wp-content\/uploads\/2023\/01\/robin-768x768.jpg 768w, https:\/\/event.ml-eu.com\/wp-content\/uploads\/2023\/01\/robin.jpg 1080w\" sizes=\"(max-width: 1024px) 100vw, 1024px\" \/><\/a><\/figure>\n<\/div>\n<\/div>\n\n\n\n<div class=\"wp-container-10 is-content-justification-center wp-block-buttons\">\n<div class=\"wp-block-button has-custom-font-size is-style-fill has-medium-font-size\"><a class=\"wp-block-button__link has-ast-global-color-4-color has-ast-global-color-1-background-color has-text-color has-background\" href=\"https:\/\/event.ml-eu.com\/index.php\/nos-athletes\/\" style=\"border-radius:100px\">mais aussi&#8230;<\/a><\/div>\n<\/div>\n\n\n\n<div class=\"wp-container-12 wp-block-columns has-ffffff-background-color has-background\">\n<div class=\"wp-container-11 wp-block-column\" style=\"flex-basis:100%\">\n<hr class=\"wp-block-separator aligncenter has-alpha-channel-opacity is-style-wide\"\/>\n<\/div>\n<\/div>\n\n\n\n<div style=\"height:46px\" aria-hidden=\"true\" class=\"wp-block-spacer\"><\/div>\n<\/div>\n<\/div><\/div>\n<\/div>\n<\/div>\n<\/div>\n<\/div>\n\n\n\n<div style=\"height:25px\" aria-hidden=\"true\" class=\"wp-block-spacer\"><\/div>\n\n\n\n<div style=\"height:25px\" aria-hidden=\"true\" class=\"wp-block-spacer\"><\/div>\n\n\n\n<div class=\"wp-block-uagb-container uag-blocks-common-selector uagb-block-4c7aa357 alignfull uagb-is-root-container\"><div class=\"uagb-container__shape uagb-container__shape-top\"><svg xmlns=\"https:\/\/www.w3.org\/2000\/svg\" viewBox=\"0 0 2600 131.1\" preserveAspectRatio=\"none\"><path class=\"uagb-container__shape-fill\" d=\"M0 0L2600 0 2600 69.1 0 0z\"><\/path><path class=\"uagb-container__shape-fill\" opacity=\"0.5\" d=\"M0 0L2600 0 2600 69.1 0 69.1z\"><\/path><path class=\"uagb-container__shape-fill\" opacity=\"0.25\" d=\"M2600 0L0 0 0 130.1 2600 69.1z\"><\/path><\/svg><\/div><div class=\"uagb-container-inner-blocks-wrap\">\n<div class=\"wp-block-uagb-container uagb-block-c74b2831\">\n<figure class=\"wp-block-video\"><video autoplay controls muted src=\"https:\/\/event.ml-eu.com\/wp-content\/uploads\/2023\/01\/F2mp_download_720p.mp4\"><\/video><figcaption>Source : Instagram @urbanpadelfr<\/figcaption><\/figure>\n\n\n\n<div class=\"wp-container-20 wp-block-columns\">\n<div class=\"wp-container-19 wp-block-column has-ast-global-color-4-background-color has-background\">\n<div class=\"wp-container-18 wp-block-columns\">\n<div class=\"wp-container-17 wp-block-column has-ast-global-color-0-background-color has-background\"><\/div>\n<\/div>\n<\/div>\n<\/div>\n\n\n\n<div class=\"wp-block-uagb-container uagb-block-050d5ff3 alignfull uagb-is-root-container\"><div class=\"uagb-container-inner-blocks-wrap\">\n<div class=\"wp-block-uagb-container uagb-block-4783aa78\">\n<div class=\"wp-block-uagb-info-box uagb-block-9462b5ea uagb-infobox__content-wrap  uagb-infobox-icon-above-title uagb-infobox-image-valign-top\"><div class=\"uagb-ifb-content\"><div class=\"uagb-ifb-title-wrap\"><h2 class=\"uagb-ifb-title\">Ils parlent de nous &#8230;<\/h2><\/div><div class=\"uagb-ifb-separator\"><\/div><p class=\"uagb-ifb-desc\">BeIn Sports, France Bleu Maine, Ouest France, LMTV Sarthe, Padel Magazine, Sport en France &#8230; d\u00e9couvrez les passages radio, t\u00e9l\u00e9vision et presse \u00e9crite de Missing Link Sport &amp; Event.<br><\/p><div class=\"uagb-ifb-button-wrapper wp-block-button\"><a href=\"https:\/\/event.ml-eu.com\/index.php\/ils-parlent-de-nous\/\" class=\"uagb-infobox-cta-link wp-block-button__link\" target=\"_self\" rel=\"noopener noreferrer\" alt=\"\"><span class=\"uagb-inline-editing\">Voir plus<\/span><svg xmlns=\"https:\/\/www.w3.org\/2000\/svg\" viewBox=\"0 0 512 512\"><path d=\"M504.3 273.6l-112.1 104c-6.992 6.484-17.18 8.218-25.94 4.406c-8.758-3.812-14.42-12.45-14.42-21.1L351.9 288H32C14.33 288 .0002 273.7 .0002 255.1S14.33 224 32 224h319.9l0-72c0-9.547 5.66-18.19 14.42-22c8.754-3.809 18.95-2.075 25.94 4.41l112.1 104C514.6 247.9 514.6 264.1 504.3 273.6z\"><\/path><\/svg><\/a><\/div><\/div><\/div>\n<\/div>\n\n\n\n<div class=\"wp-block-uagb-container uagb-block-f8c1d1cd\">\n<figure class=\"wp-block-embed aligncenter is-type-video is-provider-youtube wp-block-embed-youtube wp-embed-aspect-16-9 wp-has-aspect-ratio\"><div class=\"wp-block-embed__wrapper\">\n<div class=\"ast-oembed-container\" style=\"height: 100%;\"><iframe loading=\"lazy\" title=\"L&#039;infiltr\u00e9 du dimanche - Le Mans tournoi de handi-padel (31.08.2022 - Partie 2)\" width=\"500\" height=\"281\" src=\"https:\/\/www.youtube.com\/embed\/tHvW-Q3392g?feature=oembed\" frameborder=\"0\" allow=\"accelerometer; autoplay; clipboard-write; encrypted-media; gyroscope; picture-in-picture; web-share\" referrerpolicy=\"strict-origin-when-cross-origin\" allowfullscreen><\/iframe><\/div>\n<\/div><\/figure>\n<\/div>\n<\/div><\/div>\n<\/div>\n<\/div><\/div>\n\n\n\n<div class=\"wp-block-uagb-container uagb-block-7174afa8 alignfull uagb-is-root-container\"><div class=\"uagb-container__shape uagb-container__shape-top\"><svg xmlns=\"https:\/\/www.w3.org\/2000\/svg\" viewBox=\"0 0 2600 131.1\" preserveAspectRatio=\"none\"><path class=\"uagb-container__shape-fill\" d=\"M0 0L2600 0 2600 69.1 0 0z\"><\/path><path class=\"uagb-container__shape-fill\" opacity=\"0.5\" d=\"M0 0L2600 0 2600 69.1 0 69.1z\"><\/path><path class=\"uagb-container__shape-fill\" opacity=\"0.25\" d=\"M2600 0L0 0 0 130.1 2600 69.1z\"><\/path><\/svg><\/div><div class=\"uagb-container__video-wrap\"><video autoplay loop muted playsinline><source src=\"https:\/\/event.ml-eu.com\/wp-content\/uploads\/2022\/11\/VIDEO-2022-08-31-09-55-34-6.mp4\" type=\"video\/mp4\"\/><\/video><\/div><div class=\"uagb-container-inner-blocks-wrap\">\n<div style=\"height:412px\" aria-hidden=\"true\" class=\"wp-block-spacer\"><\/div>\n<\/div><\/div>\n\n\n\n<div class=\"wp-block-uagb-container uagb-block-7c8f8407 alignfull uagb-is-root-container\"><div class=\"uagb-container-inner-blocks-wrap\">\n<div class=\"wp-block-uagb-container uagb-block-af1d2741\">\n<div class=\"wp-container-23 wp-block-columns\">\n<div class=\"wp-container-22 wp-block-column\" style=\"flex-basis:100%\">\n<ul class=\"wp-container-21 is-content-justification-center wp-block-social-links has-large-icon-size has-visible-labels has-icon-color has-icon-background-color is-style-pill-shape\"><li style=\"color: var(--ast-global-color-4); background-color: var(--ast-global-color-1); \" class=\"wp-social-link wp-social-link-instagram wp-block-social-link\"><a href=\"https:\/\/www.instagram.com\/missinglinksport\/\" rel=\"noopener nofollow\" target=\"_blank\" class=\"wp-block-social-link-anchor\"><svg width=\"24\" height=\"24\" viewBox=\"0 0 24 24\" version=\"1.1\" xmlns=\"http:\/\/www.w3.org\/2000\/svg\" aria-hidden=\"true\" focusable=\"false\"><path d=\"M12,4.622c2.403,0,2.688,0.009,3.637,0.052c0.877,0.04,1.354,0.187,1.671,0.31c0.42,0.163,0.72,0.358,1.035,0.673 c0.315,0.315,0.51,0.615,0.673,1.035c0.123,0.317,0.27,0.794,0.31,1.671c0.043,0.949,0.052,1.234,0.052,3.637 s-0.009,2.688-0.052,3.637c-0.04,0.877-0.187,1.354-0.31,1.671c-0.163,0.42-0.358,0.72-0.673,1.035 c-0.315,0.315-0.615,0.51-1.035,0.673c-0.317,0.123-0.794,0.27-1.671,0.31c-0.949,0.043-1.233,0.052-3.637,0.052 s-2.688-0.009-3.637-0.052c-0.877-0.04-1.354-0.187-1.671-0.31c-0.42-0.163-0.72-0.358-1.035-0.673 c-0.315-0.315-0.51-0.615-0.673-1.035c-0.123-0.317-0.27-0.794-0.31-1.671C4.631,14.688,4.622,14.403,4.622,12 s0.009-2.688,0.052-3.637c0.04-0.877,0.187-1.354,0.31-1.671c0.163-0.42,0.358-0.72,0.673-1.035 c0.315-0.315,0.615-0.51,1.035-0.673c0.317-0.123,0.794-0.27,1.671-0.31C9.312,4.631,9.597,4.622,12,4.622 M12,3 C9.556,3,9.249,3.01,8.289,3.054C7.331,3.098,6.677,3.25,6.105,3.472C5.513,3.702,5.011,4.01,4.511,4.511 c-0.5,0.5-0.808,1.002-1.038,1.594C3.25,6.677,3.098,7.331,3.054,8.289C3.01,9.249,3,9.556,3,12c0,2.444,0.01,2.751,0.054,3.711 c0.044,0.958,0.196,1.612,0.418,2.185c0.23,0.592,0.538,1.094,1.038,1.594c0.5,0.5,1.002,0.808,1.594,1.038 c0.572,0.222,1.227,0.375,2.185,0.418C9.249,20.99,9.556,21,12,21s2.751-0.01,3.711-0.054c0.958-0.044,1.612-0.196,2.185-0.418 c0.592-0.23,1.094-0.538,1.594-1.038c0.5-0.5,0.808-1.002,1.038-1.594c0.222-0.572,0.375-1.227,0.418-2.185 C20.99,14.751,21,14.444,21,12s-0.01-2.751-0.054-3.711c-0.044-0.958-0.196-1.612-0.418-2.185c-0.23-0.592-0.538-1.094-1.038-1.594 c-0.5-0.5-1.002-0.808-1.594-1.038c-0.572-0.222-1.227-0.375-2.185-0.418C14.751,3.01,14.444,3,12,3L12,3z M12,7.378 c-2.552,0-4.622,2.069-4.622,4.622S9.448,16.622,12,16.622s4.622-2.069,4.622-4.622S14.552,7.378,12,7.378z M12,15 c-1.657,0-3-1.343-3-3s1.343-3,3-3s3,1.343,3,3S13.657,15,12,15z M16.804,6.116c-0.596,0-1.08,0.484-1.08,1.08 s0.484,1.08,1.08,1.08c0.596,0,1.08-0.484,1.08-1.08S17.401,6.116,16.804,6.116z\"><\/path><\/svg><span class=\"wp-block-social-link-label\">Instagram<\/span><\/a><\/li>\n\n<li style=\"color: var(--ast-global-color-4); background-color: var(--ast-global-color-1); \" class=\"wp-social-link wp-social-link-linkedin wp-block-social-link\"><a href=\"https:\/\/www.linkedin.com\/company\/missing-link-sport\/\" rel=\"noopener nofollow\" target=\"_blank\" class=\"wp-block-social-link-anchor\"><svg width=\"24\" height=\"24\" viewBox=\"0 0 24 24\" version=\"1.1\" xmlns=\"http:\/\/www.w3.org\/2000\/svg\" aria-hidden=\"true\" focusable=\"false\"><path d=\"M19.7,3H4.3C3.582,3,3,3.582,3,4.3v15.4C3,20.418,3.582,21,4.3,21h15.4c0.718,0,1.3-0.582,1.3-1.3V4.3 C21,3.582,20.418,3,19.7,3z M8.339,18.338H5.667v-8.59h2.672V18.338z M7.004,8.574c-0.857,0-1.549-0.694-1.549-1.548 c0-0.855,0.691-1.548,1.549-1.548c0.854,0,1.547,0.694,1.547,1.548C8.551,7.881,7.858,8.574,7.004,8.574z M18.339,18.338h-2.669 v-4.177c0-0.996-0.017-2.278-1.387-2.278c-1.389,0-1.601,1.086-1.601,2.206v4.249h-2.667v-8.59h2.559v1.174h0.037 c0.356-0.675,1.227-1.387,2.526-1.387c2.703,0,3.203,1.779,3.203,4.092V18.338z\"><\/path><\/svg><span class=\"wp-block-social-link-label\">LinkedIn<\/span><\/a><\/li><\/ul>\n<\/div>\n<\/div>\n<\/div>\n<\/div><\/div>\n","protected":false},"excerpt":{"rendered":"","protected":false},"author":1,"featured_media":0,"parent":0,"menu_order":0,"comment_status":"closed","ping_status":"closed","template":"","meta":{"_eb_attr":"","om_disable_all_campaigns":false,"_uag_custom_page_level_css":"","_monsterinsights_skip_tracking":false,"_monsterinsights_sitenote_active":false,"_monsterinsights_sitenote_note":"","_monsterinsights_sitenote_category":0,"site-sidebar-layout":"default","site-content-layout":"page-builder","ast-global-header-display":"","ast-main-header-display":"","ast-hfb-above-header-display":"","ast-hfb-below-header-display":"","ast-hfb-mobile-header-display":"","site-post-title":"disabled","ast-breadcrumbs-content":"","ast-featured-img":"","footer-sml-layout":"","theme-transparent-header-meta":"enabled","adv-header-id-meta":"","stick-header-meta":"","header-above-stick-meta":"","header-main-stick-meta":"","header-below-stick-meta":""},"aioseo_notices":[],"uagb_featured_image_src":{"full":false,"thumbnail":false,"medium":false,"medium_large":false,"large":false,"1536x1536":false,"2048x2048":false},"uagb_author_info":{"display_name":"SupAdminVS","author_link":"https:\/\/event.ml-eu.com\/index.php\/author\/supadminvs\/"},"uagb_comment_info":0,"uagb_excerpt":null,"_links":{"self":[{"href":"https:\/\/event.ml-eu.com\/index.php\/wp-json\/wp\/v2\/pages\/1847"}],"collection":[{"href":"https:\/\/event.ml-eu.com\/index.php\/wp-json\/wp\/v2\/pages"}],"about":[{"href":"https:\/\/event.ml-eu.com\/index.php\/wp-json\/wp\/v2\/types\/page"}],"author":[{"embeddable":true,"href":"https:\/\/event.ml-eu.com\/index.php\/wp-json\/wp\/v2\/users\/1"}],"replies":[{"embeddable":true,"href":"https:\/\/event.ml-eu.com\/index.php\/wp-json\/wp\/v2\/comments?post=1847"}],"version-history":[{"count":178,"href":"https:\/\/event.ml-eu.com\/index.php\/wp-json\/wp\/v2\/pages\/1847\/revisions"}],"predecessor-version":[{"id":3517,"href":"https:\/\/event.ml-eu.com\/index.php\/wp-json\/wp\/v2\/pages\/1847\/revisions\/3517"}],"wp:attachment":[{"href":"https:\/\/event.ml-eu.com\/index.php\/wp-json\/wp\/v2\/media?parent=1847"}],"curies":[{"name":"wp","href":"https:\/\/api.w.org\/{rel}","templated":true}]}}