{"id":1813,"date":"2022-12-13T04:41:41","date_gmt":"2022-12-13T04:41:41","guid":{"rendered":"https:\/\/event.ml-eu.com\/index.php\/our-staff\/"},"modified":"2023-01-19T10:59:18","modified_gmt":"2023-01-19T10:59:18","slug":"our-staff","status":"publish","type":"page","link":"https:\/\/event.ml-eu.com\/index.php\/our-staff\/","title":{"rendered":"Tournoi 2022"},"content":{"rendered":"\n<div style=\"height:269px\" aria-hidden=\"true\" class=\"wp-block-spacer\"><\/div>\n\n\n\n<figure class=\"wp-block-image aligncenter size-full is-resized\"><img loading=\"lazy\" src=\"https:\/\/event.ml-eu.com\/wp-content\/uploads\/2023\/01\/logo-final-tournoi-noir-edited-e1674115976459.png\" alt=\"\" class=\"wp-image-2597\" width=\"368\" height=\"227\" srcset=\"https:\/\/event.ml-eu.com\/wp-content\/uploads\/2023\/01\/logo-final-tournoi-noir-edited-e1674115976459.png 778w, https:\/\/event.ml-eu.com\/wp-content\/uploads\/2023\/01\/logo-final-tournoi-noir-edited-e1674115976459-300x185.png 300w, https:\/\/event.ml-eu.com\/wp-content\/uploads\/2023\/01\/logo-final-tournoi-noir-edited-e1674115976459-768x474.png 768w\" sizes=\"(max-width: 368px) 100vw, 368px\" \/><\/figure>\n\n\n\n<div class=\"wp-block-uagb-advanced-heading uagb-block-d2e8c8e0\"><h3 class=\"uagb-heading-text\">TOURNOI INTERNATIONAL EXHIBITION DE PADEL- FAUTEUIL<br><strong>Un \u00c9v\u00e9nement Unique Pour Promouvoir Et Soutenir Le <\/strong>Sport pour tous<br><br><\/h3><div class=\"uagb-separator\"><\/div><\/div>\n\n\n\n<div class=\"wp-block-uagb-container uagb-block-afeee485 alignfull uagb-is-root-container\"><div class=\"uagb-container-inner-blocks-wrap\">\n<div class=\"wp-block-uagb-container uagb-block-467c3f36\">\n<div class=\"wp-block-uagb-container uagb-block-14c28495 default uagb-is-root-container\"><\/div>\n\n\n\n<div class=\"wp-block-uagb-container uagb-block-521f1cae alignfull uagb-is-root-container\">\n<div class=\"wp-container-17 wp-block-columns\">\n<div class=\"wp-container-16 wp-block-column\">\n<div class=\"wp-container-3 wp-block-columns has-ast-global-color-0-background-color has-background\" style=\"border-radius:45px\">\n<div class=\"wp-container-1 wp-block-column\">\n<div style=\"height:9px\" aria-hidden=\"true\" class=\"wp-block-spacer\"><\/div>\n\n\n\n<figure class=\"wp-block-image aligncenter size-large is-resized\"><img loading=\"lazy\" src=\"https:\/\/event.ml-eu.com\/wp-content\/uploads\/2023\/01\/AFFICHEFINALE-731x1024.jpg\" alt=\"\" class=\"wp-image-2577\" width=\"395\" height=\"552\" srcset=\"https:\/\/event.ml-eu.com\/wp-content\/uploads\/2023\/01\/AFFICHEFINALE-731x1024.jpg 731w, https:\/\/event.ml-eu.com\/wp-content\/uploads\/2023\/01\/AFFICHEFINALE-214x300.jpg 214w, https:\/\/event.ml-eu.com\/wp-content\/uploads\/2023\/01\/AFFICHEFINALE-768x1075.jpg 768w, https:\/\/event.ml-eu.com\/wp-content\/uploads\/2023\/01\/AFFICHEFINALE-1097x1536.jpg 1097w, https:\/\/event.ml-eu.com\/wp-content\/uploads\/2023\/01\/AFFICHEFINALE-1463x2048.jpg 1463w, https:\/\/event.ml-eu.com\/wp-content\/uploads\/2023\/01\/AFFICHEFINALE-scaled.jpg 1829w\" sizes=\"(max-width: 395px) 100vw, 395px\" \/><\/figure>\n\n\n\n<div style=\"height:9px\" aria-hidden=\"true\" class=\"wp-block-spacer\"><\/div>\n<\/div>\n\n\n\n<div class=\"wp-container-2 wp-block-column is-vertically-aligned-top has-background\" style=\"background-color:#00000000\">\n<div class=\"wp-block-uagb-container uagb-block-4835c4f9\">\n<div style=\"height:206px\" aria-hidden=\"true\" class=\"wp-block-spacer\"><\/div>\n\n\n\n<div class=\"wp-block-uagb-advanced-heading uagb-block-5d57dba2\"><h3 class=\"uagb-heading-text\">Le premier Tournoi<br><\/h3><\/div>\n\n\n\n<p class=\"has-text-align-center has-ast-global-color-2-color has-text-color\">Le tournoi international exhibition est une rencontre solidaire et sportive exceptionnelle organis\u00e9e pour mettre en avant le sport pour tous et d\u00e9velopper le Padel en France. L\u2019\u00e9v\u00e9nement s&rsquo;est d\u00e9roul\u00e9 les 27 et 28 ao\u00fbt 2022 au tout nouveau complexe Urban Village au Mans.<\/p>\n<\/div>\n<\/div>\n<\/div>\n\n\n\n<div style=\"height:30px\" aria-hidden=\"true\" class=\"wp-block-spacer\"><\/div>\n\n\n\n<div class=\"wp-block-uagb-advanced-heading uagb-block-a6eff29b\"><h3 class=\"uagb-heading-text\">Regarder les Rediffusions live du tournoi <a href=\"https:\/\/emojiterra.com\/fr\/fleche-bas\/\">&nbsp;&nbsp;<\/a><\/h3><\/div>\n\n\n\n<div class=\"wp-container-8 wp-block-columns\">\n<div class=\"wp-container-4 wp-block-column\">\n<figure class=\"wp-block-embed is-type-video is-provider-youtube wp-block-embed-youtube wp-embed-aspect-16-9 wp-has-aspect-ratio\"><div class=\"wp-block-embed__wrapper\">\n<div class=\"ast-oembed-container\" style=\"height: 100%;\"><iframe loading=\"lazy\" title=\"Padel Fauteuil \u201822 Piste 1\" width=\"500\" height=\"281\" src=\"https:\/\/www.youtube.com\/embed\/7uNSUvrxagI?feature=oembed\" frameborder=\"0\" allow=\"accelerometer; autoplay; clipboard-write; encrypted-media; gyroscope; picture-in-picture; web-share\" allowfullscreen><\/iframe><\/div>\n<\/div><\/figure>\n<\/div>\n\n\n\n<div class=\"wp-container-7 wp-block-column\">\n<div class=\"wp-container-6 wp-block-columns\">\n<div class=\"wp-container-5 wp-block-column\" style=\"flex-basis:100%\">\n<figure class=\"wp-block-embed is-type-video is-provider-youtube wp-block-embed-youtube wp-embed-aspect-16-9 wp-has-aspect-ratio\"><div class=\"wp-block-embed__wrapper\">\n<div class=\"ast-oembed-container\" style=\"height: 100%;\"><iframe loading=\"lazy\" title=\"Tournoi International le Mans Padel-fauteuil 2022 - Poule - Piste 2\" width=\"500\" height=\"281\" src=\"https:\/\/www.youtube.com\/embed\/lFIyIZ9mP_A?feature=oembed\" frameborder=\"0\" allow=\"accelerometer; autoplay; clipboard-write; encrypted-media; gyroscope; picture-in-picture; web-share\" allowfullscreen><\/iframe><\/div>\n<\/div><\/figure>\n<\/div>\n<\/div>\n<\/div>\n<\/div>\n\n\n\n<div style=\"height:30px\" aria-hidden=\"true\" class=\"wp-block-spacer\"><\/div>\n\n\n\n<div class=\"wp-container-11 wp-block-columns has-ast-global-color-0-background-color has-background\" style=\"border-radius:45px\">\n<div class=\"wp-container-9 wp-block-column is-vertically-aligned-top\">\n<div class=\"wp-block-uagb-container uagb-block-37313e8c\">\n<div style=\"height:38px\" aria-hidden=\"true\" class=\"wp-block-spacer\"><\/div>\n\n\n\n<div class=\"wp-block-uagb-advanced-heading uagb-block-8e2329b7\"><h3 class=\"uagb-heading-text\">Comment Est N\u00e9 Le Tournoi ?<br><br><\/h3><\/div>\n\n\n\n<p class=\"has-text-align-center has-ast-global-color-2-color has-text-color has-background\" style=\"background-color:#ffffff00\">Organis\u00e9 dans le but de favoriser la pratique du Padel pour les personnes atteintes d\u2019une d\u00e9ficience physique, le tournoi exhibition est un lieu d\u2019\u00e9change et de rencontre pour tous. L\u2019id\u00e9e part d\u2019un constat, seulement 250 personnes porteuses d\u2019un handicap physique jouent au tennis en France et uniquement une quarantaine jouent au Padel. Cet \u00e9v\u00e9nement donne la possibilit\u00e9 aux personnes en fauteuil de d\u00e9couvrir le Padel et faciliter leur acc\u00e8s \u00e0 la pratique sportive. Pour nous c\u2019est une vraie volont\u00e9 de cr\u00e9er un tournoi solidaire.<\/p>\n<\/div>\n<\/div>\n\n\n\n<div class=\"wp-container-10 wp-block-column\">\n<figure class=\"wp-block-image alignright size-large is-resized\"><a href=\"https:\/\/event.ml-eu.com\/index.php\/2742-2\/\"><img loading=\"lazy\" src=\"https:\/\/event.ml-eu.com\/wp-content\/uploads\/2022\/11\/PHOTO-2022-08-31-10-00-05-7-1024x768.jpg\" alt=\"\" class=\"wp-image-983\" width=\"607\" height=\"454\" srcset=\"https:\/\/event.ml-eu.com\/wp-content\/uploads\/2022\/11\/PHOTO-2022-08-31-10-00-05-7-1024x768.jpg 1024w, https:\/\/event.ml-eu.com\/wp-content\/uploads\/2022\/11\/PHOTO-2022-08-31-10-00-05-7-300x225.jpg 300w, https:\/\/event.ml-eu.com\/wp-content\/uploads\/2022\/11\/PHOTO-2022-08-31-10-00-05-7-768x576.jpg 768w, https:\/\/event.ml-eu.com\/wp-content\/uploads\/2022\/11\/PHOTO-2022-08-31-10-00-05-7-1536x1152.jpg 1536w, https:\/\/event.ml-eu.com\/wp-content\/uploads\/2022\/11\/PHOTO-2022-08-31-10-00-05-7.jpg 2048w\" sizes=\"(max-width: 607px) 100vw, 607px\" \/><\/a><\/figure>\n<\/div>\n<\/div>\n\n\n\n<div style=\"height:30px\" aria-hidden=\"true\" class=\"wp-block-spacer\"><\/div>\n\n\n\n<div class=\"wp-container-12 is-content-justification-center wp-block-buttons\">\n<div class=\"wp-block-button has-custom-width wp-block-button__width-25 has-custom-font-size has-medium-font-size\"><a class=\"wp-block-button__link has-ast-global-color-0-color has-text-color\" href=\"https:\/\/event.ml-eu.com\/index.php\/2742-2\/\">GALERIE photo<\/a><\/div>\n<\/div>\n\n\n\n<div class=\"wp-block-essential-blocks-slider\"><div class=\"eb-parent-wrapper eb-parent-eb-slider-j1tz13y \"><div class=\"eb-slider-wrapper eb-slider-j1tz13y\" data-settings=\"{&quot;arrows&quot;:true,&quot;adaptiveHeight&quot;:false,&quot;autoplay&quot;:true,&quot;autoplaySpeed&quot;:3000,&quot;dots&quot;:true,&quot;fade&quot;:false,&quot;infinite&quot;:true,&quot;pauseOnHover&quot;:true,&quot;slidesToShow&quot;:1,&quot;speed&quot;:500,&quot;initialSlide&quot;:0,&quot;vertical&quot;:false,&quot;responsive&quot;:[{&quot;breakpoint&quot;:1025,&quot;settings&quot;:{&quot;slidesToShow&quot;:1}},{&quot;breakpoint&quot;:767,&quot;settings&quot;:{&quot;slidesToShow&quot;:1}}]}\" data-images=\"[{&quot;url&quot;:&quot;https:\/\/event.ml-eu.com\/wp-content\/uploads\/2023\/01\/WhatsApp-Image-2022-08-28-at-09.51.01-1.jpeg&quot;,&quot;alt&quot;:&quot;&quot;,&quot;id&quot;:0,&quot;imageId&quot;:2635,&quot;caption&quot;:&quot;&quot;,&quot;title&quot;:&quot;Slider 1&quot;,&quot;subtitle&quot;:&quot;Essential Blocks Slider Subtitle&quot;,&quot;showButton&quot;:true,&quot;buttonText&quot;:&quot;See More&quot;,&quot;buttonUrl&quot;:&quot;&quot;,&quot;openNewTab&quot;:false,&quot;isValidUrl&quot;:true},{&quot;url&quot;:&quot;https:\/\/event.ml-eu.com\/wp-content\/uploads\/2023\/01\/WhatsApp-Image-2022-08-28-at-09.51.01-3.jpeg&quot;,&quot;alt&quot;:&quot;&quot;,&quot;id&quot;:1,&quot;imageId&quot;:2636,&quot;caption&quot;:&quot;&quot;,&quot;title&quot;:&quot;Slider 2&quot;,&quot;subtitle&quot;:&quot;Essential Blocks Slider Subtitle&quot;,&quot;showButton&quot;:true,&quot;buttonText&quot;:&quot;See More&quot;,&quot;buttonUrl&quot;:&quot;&quot;,&quot;openNewTab&quot;:false,&quot;isValidUrl&quot;:true},{&quot;url&quot;:&quot;https:\/\/event.ml-eu.com\/wp-content\/uploads\/2023\/01\/WhatsApp-Image-2022-09-12-at-14.49.35.jpeg&quot;,&quot;alt&quot;:&quot;&quot;,&quot;id&quot;:2,&quot;imageId&quot;:2637,&quot;caption&quot;:&quot;&quot;,&quot;title&quot;:&quot;Slider 3&quot;,&quot;subtitle&quot;:&quot;Essential Blocks Slider Subtitle&quot;,&quot;showButton&quot;:true,&quot;buttonText&quot;:&quot;See More&quot;,&quot;buttonUrl&quot;:&quot;&quot;,&quot;openNewTab&quot;:false,&quot;isValidUrl&quot;:true}]\" data-slidercontenttype=\"content-1\" data-slidertype=\"image\" data-textalign=\"left\"><div class=\"image\"><div class=\"eb-slider-item content-1\"><img class=\"eb-slider-image\" src=\"https:\/\/event.ml-eu.com\/wp-content\/uploads\/2023\/01\/WhatsApp-Image-2022-08-28-at-09.51.01-1.jpeg\"\/><\/div><div class=\"eb-slider-item content-1\"><img class=\"eb-slider-image\" src=\"https:\/\/event.ml-eu.com\/wp-content\/uploads\/2023\/01\/WhatsApp-Image-2022-08-28-at-09.51.01-3.jpeg\"\/><\/div><div class=\"eb-slider-item content-1\"><img class=\"eb-slider-image\" src=\"https:\/\/event.ml-eu.com\/wp-content\/uploads\/2023\/01\/WhatsApp-Image-2022-09-12-at-14.49.35.jpeg\"\/><\/div><\/div><\/div><\/div><\/div>\n\n\n\n<div style=\"height:30px\" aria-hidden=\"true\" class=\"wp-block-spacer\"><\/div>\n\n\n\n<div class=\"wp-container-15 wp-block-columns has-ast-global-color-0-background-color has-background\" style=\"border-radius:45px\">\n<div class=\"wp-container-13 wp-block-column\">\n<figure class=\"wp-block-image size-large\"><img loading=\"lazy\" width=\"1024\" height=\"768\" src=\"https:\/\/event.ml-eu.com\/wp-content\/uploads\/2022\/11\/PHOTO-2022-08-31-09-53-23-17-1024x768.jpg\" alt=\"\" class=\"wp-image-967\" srcset=\"https:\/\/event.ml-eu.com\/wp-content\/uploads\/2022\/11\/PHOTO-2022-08-31-09-53-23-17-1024x768.jpg 1024w, https:\/\/event.ml-eu.com\/wp-content\/uploads\/2022\/11\/PHOTO-2022-08-31-09-53-23-17-300x225.jpg 300w, https:\/\/event.ml-eu.com\/wp-content\/uploads\/2022\/11\/PHOTO-2022-08-31-09-53-23-17-768x576.jpg 768w, https:\/\/event.ml-eu.com\/wp-content\/uploads\/2022\/11\/PHOTO-2022-08-31-09-53-23-17-1536x1152.jpg 1536w, https:\/\/event.ml-eu.com\/wp-content\/uploads\/2022\/11\/PHOTO-2022-08-31-09-53-23-17.jpg 2000w\" sizes=\"(max-width: 1024px) 100vw, 1024px\" \/><\/figure>\n<\/div>\n\n\n\n<div class=\"wp-container-14 wp-block-column is-vertically-aligned-top\">\n<div class=\"wp-block-uagb-container uagb-block-8f4bf0dd\">\n<div style=\"height:100px\" aria-hidden=\"true\" class=\"wp-block-spacer\"><\/div>\n\n\n\n<p class=\"has-text-align-center has-ast-global-color-2-color has-text-color\">Le tournoi a accueilli des joueurs \u00e9trangers dont certains des meilleurs joueurs internationaux espagnols comme Oscar Agea, multiple champion du monde de padel et des joueurs belges et n\u00e9erlandais. \u00c9galement nous nous sommes appuy\u00e9s sur la pr\u00e9sence et le soutien de S\u00e9bastien Husser, joueur international de tennis-fauteuil, sans qui ce projet n&rsquo;aurais pu voir le jour. <\/p>\n<\/div>\n<\/div>\n<\/div>\n<\/div>\n<\/div>\n<\/div>\n<\/div>\n<\/div><\/div>\n\n\n\n<div class=\"wp-container-24 wp-block-columns\">\n<div class=\"wp-container-23 wp-block-column\" style=\"flex-basis:100%\">\n<div class=\"wp-container-22 wp-block-columns\">\n<div class=\"wp-container-21 wp-block-column\" style=\"flex-basis:100%\">\n<div class=\"wp-container-20 wp-block-columns has-border-color has-ast-global-color-1-border-color has-ast-global-color-1-background-color has-background\" style=\"border-width:10px\">\n<div class=\"wp-container-18 wp-block-column\">\n<figure class=\"wp-block-image alignright size-large is-resized\"><img loading=\"lazy\" src=\"https:\/\/event.ml-eu.com\/wp-content\/uploads\/2023\/01\/1-819x1024.jpg\" alt=\"\" class=\"wp-image-2961\" width=\"419\" height=\"523\" srcset=\"https:\/\/event.ml-eu.com\/wp-content\/uploads\/2023\/01\/1-819x1024.jpg 819w, https:\/\/event.ml-eu.com\/wp-content\/uploads\/2023\/01\/1-240x300.jpg 240w, https:\/\/event.ml-eu.com\/wp-content\/uploads\/2023\/01\/1-768x960.jpg 768w, https:\/\/event.ml-eu.com\/wp-content\/uploads\/2023\/01\/1.jpg 1080w\" sizes=\"(max-width: 419px) 100vw, 419px\" \/><\/figure>\n<\/div>\n\n\n\n<div class=\"wp-container-19 wp-block-column\">\n<figure class=\"wp-block-image alignleft size-large is-resized\"><img loading=\"lazy\" src=\"https:\/\/event.ml-eu.com\/wp-content\/uploads\/2023\/01\/2-819x1024.jpg\" alt=\"\" class=\"wp-image-2962\" width=\"420\" height=\"525\" srcset=\"https:\/\/event.ml-eu.com\/wp-content\/uploads\/2023\/01\/2-819x1024.jpg 819w, https:\/\/event.ml-eu.com\/wp-content\/uploads\/2023\/01\/2-240x300.jpg 240w, https:\/\/event.ml-eu.com\/wp-content\/uploads\/2023\/01\/2-768x960.jpg 768w, https:\/\/event.ml-eu.com\/wp-content\/uploads\/2023\/01\/2.jpg 1080w\" sizes=\"(max-width: 420px) 100vw, 420px\" \/><\/figure>\n<\/div>\n<\/div>\n<\/div>\n<\/div>\n<\/div>\n<\/div>\n\n\n\n<div style=\"height:43px\" aria-hidden=\"true\" class=\"wp-block-spacer\"><\/div>\n\n\n\n<div class=\"wp-block-uagb-advanced-heading uagb-block-e96a491a\"><h3 class=\"uagb-heading-text\">\u2193<a href=\"https:\/\/emojiterra.com\/fr\/fleche-bas\/\">&nbsp;&nbsp;<\/a>D\u00e9couvrir les athl\u00e8tes et leur histoire \u2193<a href=\"https:\/\/emojiterra.com\/fr\/fleche-bas\/\">&nbsp;&nbsp;<\/a><\/h3><\/div>\n\n\n\n<div class=\"wp-container-28 wp-block-columns has-ast-global-color-4-background-color has-background\">\n<div class=\"wp-container-25 wp-block-column\">\n<figure class=\"wp-block-image size-large\"><a href=\"https:\/\/event.ml-eu.com\/index.php\/nos-athletes\/\"><img loading=\"lazy\" width=\"1024\" height=\"1024\" src=\"https:\/\/event.ml-eu.com\/wp-content\/uploads\/2023\/01\/post-sebastien-1024x1024.jpg\" alt=\"\" class=\"wp-image-2678\" srcset=\"https:\/\/event.ml-eu.com\/wp-content\/uploads\/2023\/01\/post-sebastien-1024x1024.jpg 1024w, https:\/\/event.ml-eu.com\/wp-content\/uploads\/2023\/01\/post-sebastien-300x300.jpg 300w, https:\/\/event.ml-eu.com\/wp-content\/uploads\/2023\/01\/post-sebastien-150x150.jpg 150w, https:\/\/event.ml-eu.com\/wp-content\/uploads\/2023\/01\/post-sebastien-768x768.jpg 768w, https:\/\/event.ml-eu.com\/wp-content\/uploads\/2023\/01\/post-sebastien.jpg 1080w\" sizes=\"(max-width: 1024px) 100vw, 1024px\" \/><\/a><\/figure>\n<\/div>\n\n\n\n<div class=\"wp-container-26 wp-block-column\">\n<figure class=\"wp-block-image size-large\"><a href=\"https:\/\/event.ml-eu.com\/index.php\/nos-athletes\/\"><img loading=\"lazy\" width=\"1024\" height=\"1024\" src=\"https:\/\/event.ml-eu.com\/wp-content\/uploads\/2023\/01\/portait-inaki-1024x1024.jpg\" alt=\"\" class=\"wp-image-2606\" srcset=\"https:\/\/event.ml-eu.com\/wp-content\/uploads\/2023\/01\/portait-inaki-1024x1024.jpg 1024w, https:\/\/event.ml-eu.com\/wp-content\/uploads\/2023\/01\/portait-inaki-300x300.jpg 300w, https:\/\/event.ml-eu.com\/wp-content\/uploads\/2023\/01\/portait-inaki-150x150.jpg 150w, https:\/\/event.ml-eu.com\/wp-content\/uploads\/2023\/01\/portait-inaki-768x768.jpg 768w, https:\/\/event.ml-eu.com\/wp-content\/uploads\/2023\/01\/portait-inaki.jpg 1080w\" sizes=\"(max-width: 1024px) 100vw, 1024px\" \/><\/a><\/figure>\n<\/div>\n\n\n\n<div class=\"wp-container-27 wp-block-column is-vertically-aligned-top has-ast-global-color-0-background-color has-background\">\n<figure class=\"wp-block-image size-large\"><a href=\"https:\/\/event.ml-eu.com\/index.php\/nos-athletes\/\"><img loading=\"lazy\" width=\"1024\" height=\"1024\" src=\"https:\/\/event.ml-eu.com\/wp-content\/uploads\/2023\/01\/alvaro-1024x1024.jpg\" alt=\"\" class=\"wp-image-2680\" srcset=\"https:\/\/event.ml-eu.com\/wp-content\/uploads\/2023\/01\/alvaro-1024x1024.jpg 1024w, https:\/\/event.ml-eu.com\/wp-content\/uploads\/2023\/01\/alvaro-300x300.jpg 300w, https:\/\/event.ml-eu.com\/wp-content\/uploads\/2023\/01\/alvaro-150x150.jpg 150w, https:\/\/event.ml-eu.com\/wp-content\/uploads\/2023\/01\/alvaro-768x768.jpg 768w, https:\/\/event.ml-eu.com\/wp-content\/uploads\/2023\/01\/alvaro.jpg 1080w\" sizes=\"(max-width: 1024px) 100vw, 1024px\" \/><\/a><\/figure>\n<\/div>\n<\/div>\n\n\n\n<div class=\"wp-block-uagb-container uagb-block-1d59044f alignfull uagb-is-root-container\"><div class=\"uagb-container__shape uagb-container__shape-top\"><svg xmlns=\"https:\/\/www.w3.org\/2000\/svg\" viewBox=\"0 0 2600 131.1\" preserveAspectRatio=\"none\"><path class=\"uagb-container__shape-fill\" d=\"M0 0L2600 0 2600 69.1 0 0z\"><\/path><path class=\"uagb-container__shape-fill\" opacity=\"0.5\" d=\"M0 0L2600 0 2600 69.1 0 69.1z\"><\/path><path class=\"uagb-container__shape-fill\" opacity=\"0.25\" d=\"M2600 0L0 0 0 130.1 2600 69.1z\"><\/path><\/svg><\/div><div class=\"uagb-container-inner-blocks-wrap\">\n<div class=\"wp-block-uagb-container uagb-block-03bb955f\">\n<div class=\"wp-container-32 wp-block-columns\">\n<div class=\"wp-container-29 wp-block-column\" style=\"flex-basis:33.33%\">\n<div style=\"height:279px\" aria-hidden=\"true\" class=\"wp-block-spacer\"><\/div>\n\n\n\n<p class=\"has-text-align-center has-medium-font-size\"><strong>D\u00e9couvrez les retomb\u00e9es du Tournoi 2022 \u00e0 travers les chiffres et statistiques obtenus.<\/strong><\/p>\n\n\n\n<div class=\"wp-block-uagb-info-box uagb-block-1f2351ed uagb-infobox__content-wrap  uagb-infobox-icon-above-title uagb-infobox-image-valign-top\"><div class=\"uagb-ifb-content\"><div class=\"uagb-ifb-title-wrap\"><\/div><p class=\"uagb-ifb-desc\"><strong>T\u00e9l\u00e9chargez facilement le document en cliquant sur le bouton ci-dessous<\/strong> <\/p><\/div><\/div>\n\n\n\n<div class=\"wp-block-essential-blocks-button\"><div class=\"eb-parent-wrapper eb-parent-eb-button-el4lum7 \"><div class=\"eb-button-wrapper eb-button-alignment eb-button-el4lum7\"><div class=\"eb-button\"><a class=\"eb-button-anchor\" href=\"https:\/\/event.ml-eu.com\/wp-content\/uploads\/2023\/01\/Retour-sur-Tournoi-2022-1.pdf\" target=\"_blank\" rel=\"noopener\"><i class=\"fas fa-cloud-download-alt eb-button-icon eb-button-icon-left hvr-icon\"><\/i>T\u00e9l\u00e9charger<\/a><\/div><\/div><\/div><\/div>\n<\/div>\n\n\n\n<div class=\"wp-container-30 wp-block-column\"><\/div>\n\n\n\n<div class=\"wp-container-31 wp-block-column\" style=\"flex-basis:66.66%\">\n<div class=\"wp-block-file\"><object class=\"wp-block-file__embed\" data=\"https:\/\/event.ml-eu.com\/wp-content\/uploads\/2023\/01\/Retour-sur-Tournoi-2022-1.pdf\" type=\"application\/pdf\" style=\"width:100%;height:859px\" aria-label=\"PDF embed\"><\/object><\/div>\n<\/div>\n<\/div>\n<\/div>\n<\/div><div class=\"uagb-container__shape uagb-container__shape-bottom uagb-container__invert\" data-negative=\"false\"><svg xmlns=\"https:\/\/www.w3.org\/2000\/svg\" viewBox=\"0 0 2600 131.1\" preserveAspectRatio=\"none\"><path class=\"uagb-container__shape-fill\" d=\"M0 0L2600 0 2600 69.1 0 0z\"><\/path><path class=\"uagb-container__shape-fill\" opacity=\"0.5\" d=\"M0 0L2600 0 2600 69.1 0 69.1z\"><\/path><path class=\"uagb-container__shape-fill\" opacity=\"0.25\" d=\"M2600 0L0 0 0 130.1 2600 69.1z\"><\/path><\/svg><\/div><\/div>\n\n\n\n<div style=\"height:86px\" aria-hidden=\"true\" class=\"wp-block-spacer\"><\/div>\n\n\n\n<ul class=\"wp-container-33 is-content-justification-center wp-block-social-links has-large-icon-size has-visible-labels has-icon-color has-icon-background-color is-style-pill-shape\"><li style=\"color: var(--ast-global-color-4); background-color: var(--ast-global-color-1); \" class=\"wp-social-link wp-social-link-instagram wp-block-social-link\"><a href=\"https:\/\/www.instagram.com\/missinglinksport\/\" rel=\"noopener nofollow\" target=\"_blank\" class=\"wp-block-social-link-anchor\"><svg width=\"24\" height=\"24\" viewBox=\"0 0 24 24\" version=\"1.1\" xmlns=\"http:\/\/www.w3.org\/2000\/svg\" aria-hidden=\"true\" focusable=\"false\"><path d=\"M12,4.622c2.403,0,2.688,0.009,3.637,0.052c0.877,0.04,1.354,0.187,1.671,0.31c0.42,0.163,0.72,0.358,1.035,0.673 c0.315,0.315,0.51,0.615,0.673,1.035c0.123,0.317,0.27,0.794,0.31,1.671c0.043,0.949,0.052,1.234,0.052,3.637 s-0.009,2.688-0.052,3.637c-0.04,0.877-0.187,1.354-0.31,1.671c-0.163,0.42-0.358,0.72-0.673,1.035 c-0.315,0.315-0.615,0.51-1.035,0.673c-0.317,0.123-0.794,0.27-1.671,0.31c-0.949,0.043-1.233,0.052-3.637,0.052 s-2.688-0.009-3.637-0.052c-0.877-0.04-1.354-0.187-1.671-0.31c-0.42-0.163-0.72-0.358-1.035-0.673 c-0.315-0.315-0.51-0.615-0.673-1.035c-0.123-0.317-0.27-0.794-0.31-1.671C4.631,14.688,4.622,14.403,4.622,12 s0.009-2.688,0.052-3.637c0.04-0.877,0.187-1.354,0.31-1.671c0.163-0.42,0.358-0.72,0.673-1.035 c0.315-0.315,0.615-0.51,1.035-0.673c0.317-0.123,0.794-0.27,1.671-0.31C9.312,4.631,9.597,4.622,12,4.622 M12,3 C9.556,3,9.249,3.01,8.289,3.054C7.331,3.098,6.677,3.25,6.105,3.472C5.513,3.702,5.011,4.01,4.511,4.511 c-0.5,0.5-0.808,1.002-1.038,1.594C3.25,6.677,3.098,7.331,3.054,8.289C3.01,9.249,3,9.556,3,12c0,2.444,0.01,2.751,0.054,3.711 c0.044,0.958,0.196,1.612,0.418,2.185c0.23,0.592,0.538,1.094,1.038,1.594c0.5,0.5,1.002,0.808,1.594,1.038 c0.572,0.222,1.227,0.375,2.185,0.418C9.249,20.99,9.556,21,12,21s2.751-0.01,3.711-0.054c0.958-0.044,1.612-0.196,2.185-0.418 c0.592-0.23,1.094-0.538,1.594-1.038c0.5-0.5,0.808-1.002,1.038-1.594c0.222-0.572,0.375-1.227,0.418-2.185 C20.99,14.751,21,14.444,21,12s-0.01-2.751-0.054-3.711c-0.044-0.958-0.196-1.612-0.418-2.185c-0.23-0.592-0.538-1.094-1.038-1.594 c-0.5-0.5-1.002-0.808-1.594-1.038c-0.572-0.222-1.227-0.375-2.185-0.418C14.751,3.01,14.444,3,12,3L12,3z M12,7.378 c-2.552,0-4.622,2.069-4.622,4.622S9.448,16.622,12,16.622s4.622-2.069,4.622-4.622S14.552,7.378,12,7.378z M12,15 c-1.657,0-3-1.343-3-3s1.343-3,3-3s3,1.343,3,3S13.657,15,12,15z M16.804,6.116c-0.596,0-1.08,0.484-1.08,1.08 s0.484,1.08,1.08,1.08c0.596,0,1.08-0.484,1.08-1.08S17.401,6.116,16.804,6.116z\"><\/path><\/svg><span class=\"wp-block-social-link-label\">Instagram<\/span><\/a><\/li>\n\n<li style=\"color: var(--ast-global-color-4); background-color: var(--ast-global-color-1); \" class=\"wp-social-link wp-social-link-linkedin wp-block-social-link\"><a href=\"https:\/\/www.linkedin.com\/company\/missing-link-sport\/\" rel=\"noopener nofollow\" target=\"_blank\" class=\"wp-block-social-link-anchor\"><svg width=\"24\" height=\"24\" viewBox=\"0 0 24 24\" version=\"1.1\" xmlns=\"http:\/\/www.w3.org\/2000\/svg\" aria-hidden=\"true\" focusable=\"false\"><path d=\"M19.7,3H4.3C3.582,3,3,3.582,3,4.3v15.4C3,20.418,3.582,21,4.3,21h15.4c0.718,0,1.3-0.582,1.3-1.3V4.3 C21,3.582,20.418,3,19.7,3z M8.339,18.338H5.667v-8.59h2.672V18.338z M7.004,8.574c-0.857,0-1.549-0.694-1.549-1.548 c0-0.855,0.691-1.548,1.549-1.548c0.854,0,1.547,0.694,1.547,1.548C8.551,7.881,7.858,8.574,7.004,8.574z M18.339,18.338h-2.669 v-4.177c0-0.996-0.017-2.278-1.387-2.278c-1.389,0-1.601,1.086-1.601,2.206v4.249h-2.667v-8.59h2.559v1.174h0.037 c0.356-0.675,1.227-1.387,2.526-1.387c2.703,0,3.203,1.779,3.203,4.092V18.338z\"><\/path><\/svg><span class=\"wp-block-social-link-label\">LinkedIn<\/span><\/a><\/li><\/ul>\n","protected":false},"excerpt":{"rendered":"","protected":false},"author":1,"featured_media":0,"parent":0,"menu_order":0,"comment_status":"closed","ping_status":"closed","template":"","meta":{"_eb_attr":"","om_disable_all_campaigns":false,"_uag_custom_page_level_css":"","_monsterinsights_skip_tracking":false,"_monsterinsights_sitenote_active":false,"_monsterinsights_sitenote_note":"","_monsterinsights_sitenote_category":0,"site-sidebar-layout":"default","site-content-layout":"page-builder","ast-global-header-display":"","ast-main-header-display":"","ast-hfb-above-header-display":"","ast-hfb-below-header-display":"","ast-hfb-mobile-header-display":"","site-post-title":"disabled","ast-breadcrumbs-content":"","ast-featured-img":"","footer-sml-layout":"","theme-transparent-header-meta":"enabled","adv-header-id-meta":"","stick-header-meta":"","header-above-stick-meta":"","header-main-stick-meta":"","header-below-stick-meta":""},"aioseo_notices":[],"uagb_featured_image_src":{"full":false,"thumbnail":false,"medium":false,"medium_large":false,"large":false,"1536x1536":false,"2048x2048":false},"uagb_author_info":{"display_name":"SupAdminVS","author_link":"https:\/\/event.ml-eu.com\/index.php\/author\/supadminvs\/"},"uagb_comment_info":0,"uagb_excerpt":null,"_links":{"self":[{"href":"https:\/\/event.ml-eu.com\/index.php\/wp-json\/wp\/v2\/pages\/1813"}],"collection":[{"href":"https:\/\/event.ml-eu.com\/index.php\/wp-json\/wp\/v2\/pages"}],"about":[{"href":"https:\/\/event.ml-eu.com\/index.php\/wp-json\/wp\/v2\/types\/page"}],"author":[{"embeddable":true,"href":"https:\/\/event.ml-eu.com\/index.php\/wp-json\/wp\/v2\/users\/1"}],"replies":[{"embeddable":true,"href":"https:\/\/event.ml-eu.com\/index.php\/wp-json\/wp\/v2\/comments?post=1813"}],"version-history":[{"count":80,"href":"https:\/\/event.ml-eu.com\/index.php\/wp-json\/wp\/v2\/pages\/1813\/revisions"}],"predecessor-version":[{"id":3078,"href":"https:\/\/event.ml-eu.com\/index.php\/wp-json\/wp\/v2\/pages\/1813\/revisions\/3078"}],"wp:attachment":[{"href":"https:\/\/event.ml-eu.com\/index.php\/wp-json\/wp\/v2\/media?parent=1813"}],"curies":[{"name":"wp","href":"https:\/\/api.w.org\/{rel}","templated":true}]}}